{"id":18611,"date":"2026-04-10T11:40:26","date_gmt":"2026-04-10T11:40:26","guid":{"rendered":"https:\/\/guerradeofertas.com.es\/index.php\/producto\/b0ftmdshtm\/"},"modified":"2026-04-10T11:40:26","modified_gmt":"2026-04-10T11:40:26","slug":"b0ftmdshtm","status":"publish","type":"product","link":"https:\/\/guerradeofertas.com.es\/index.php\/producto\/b0ftmdshtm\/","title":{"rendered":"B0FTMDSHTM"},"content":{"rendered":"<p>&#8211; \u3010Ultrafino de 0,99 cm\u3011Tu energ\u00eda siempre a mano. Con un dise\u00f1o de solo 0,99 cm, este power bank 5000mAh para MagSafe es ligero, compacto y no abulta en el bolsillo. Ideal para viajes, trabajo y el d\u00eda a d\u00eda.<br \/>\n&#8211; \u3010Carga R\u00e1pida Qi2 de 15W\u3011Potencia m\u00e1s veloz y estable. Compatible con iPhone 12 y posteriores, ofrece carga inal\u00e1mbrica magn\u00e9tica de hasta 15W. Lleva tu iPhone 17 Pro Max al 30% en 30 minutos. Una bater\u00eda externa carga r\u00e1pida dise\u00f1ada para quienes quieren velocidad sin cables.<br \/>\n&#8211; \u3010Pantalla LED &amp; Doble Carga\u3011Control total en todo momento. La pantalla LED muestra el nivel exacto de energ\u00eda. Con el puerto USB-C de 20W puedes cargar tu m\u00f3vil y la bater\u00eda port\u00e1til al mismo tiempo. M\u00e1s r\u00e1pido y m\u00e1s c\u00f3modo.<br \/>\n&#8211; \u3010Conexi\u00f3n Magn\u00e9tica Firme &amp; Protecci\u00f3n M\u00e1xima\u3011Seguridad sin interrupciones. Sus potentes imanes para MagSafe mantienen tu iPhone firmemente sujeto incluso en movimiento. Con protecci\u00f3n contra sobrecarga, cortocircuitos y encendido autom\u00e1tico para una experiencia de carga segura.<br \/>\n&#8211; \u3010Pack Completo\u3011Todo lo que necesitas desde el primer d\u00eda. Incluye 1\u00d7 cargador port\u00e1til Bolvunes de 5000 mAh, 1\u00d7 cable USB-C, gu\u00eda r\u00e1pida, garant\u00eda de 24 meses y soporte profesional siempre disponible.<\/p>\n","protected":false},"excerpt":{"rendered":"<p><b>Power Bank para iPhone Bateria Externa 5000mAh para iMagSafe 15W Qi2 Carga Rapida para iPhone Inal\u00e1mbrica Delgado Pantalla Digital Bateria Portatil Powerbank para i-Phone 17\/Air\/16\/15\/14\/13\/12 Series<\/b><\/p>\n","protected":false},"featured_media":18610,"comment_status":"open","ping_status":"closed","template":"","meta":[],"product_cat":[15],"product_tag":[],"class_list":{"0":"post-18611","1":"product","2":"type-product","3":"status-publish","4":"has-post-thumbnail","6":"product_cat-sin-categorizar","8":"first","9":"instock","10":"shipping-taxable","11":"product-type-external"},"_links":{"self":[{"href":"https:\/\/guerradeofertas.com.es\/index.php\/wp-json\/wp\/v2\/product\/18611","targetHints":{"allow":["GET"]}}],"collection":[{"href":"https:\/\/guerradeofertas.com.es\/index.php\/wp-json\/wp\/v2\/product"}],"about":[{"href":"https:\/\/guerradeofertas.com.es\/index.php\/wp-json\/wp\/v2\/types\/product"}],"replies":[{"embeddable":true,"href":"https:\/\/guerradeofertas.com.es\/index.php\/wp-json\/wp\/v2\/comments?post=18611"}],"wp:featuredmedia":[{"embeddable":true,"href":"https:\/\/guerradeofertas.com.es\/index.php\/wp-json\/wp\/v2\/media\/18610"}],"wp:attachment":[{"href":"https:\/\/guerradeofertas.com.es\/index.php\/wp-json\/wp\/v2\/media?parent=18611"}],"wp:term":[{"taxonomy":"product_cat","embeddable":true,"href":"https:\/\/guerradeofertas.com.es\/index.php\/wp-json\/wp\/v2\/product_cat?post=18611"},{"taxonomy":"product_tag","embeddable":true,"href":"https:\/\/guerradeofertas.com.es\/index.php\/wp-json\/wp\/v2\/product_tag?post=18611"}],"curies":[{"name":"wp","href":"https:\/\/api.w.org\/{rel}","templated":true}]}}