{"id":35,"date":"2024-04-02T21:58:48","date_gmt":"2024-04-02T21:58:48","guid":{"rendered":"https:\/\/guerradeofertas.com.es\/index.php\/producto\/b093fm5xz7-2\/"},"modified":"2024-04-02T21:58:48","modified_gmt":"2024-04-02T21:58:48","slug":"b093fm5xz7-2","status":"publish","type":"product","link":"https:\/\/guerradeofertas.com.es\/index.php\/producto\/b093fm5xz7-2\/","title":{"rendered":"B093FM5XZ7"},"content":{"rendered":"<p>&#8211; Dise\u00f1o \u00danico: La manta est\u00e1 dise\u00f1ada con doble cara, una cara es de vellones bereberes de abrigo de 280 GSM, otra cara es de franela suave de 220 GSM, pueden ofrecerle diferentes sensaciones de suavidad. La manta es de abrigo y transpirable para que sienta c\u00e1lido y c\u00f3modo cuando se duerma.<br \/>\n&#8211; Multiusos: Esta manta de 220 x 240 cm es de abrigo y c\u00f3moda. Se puede usar como decoraciones de dormitorio, cuarto de hu\u00e9spedes y sal\u00f3n para dejar que su habitaci\u00f3n se vea m\u00e1s exquisita. Puede adem\u00e1s extender la manta sobre el sof\u00e1 y disfrutar del momento feliz viendo televisi\u00f3n con la familia.<br \/>\n&#8211; F\u00e1cil de Mantener: Lave con lavadora y agua fr\u00eda, seque a baja temperatura, por favor lave por separado, no suelta pelusas ni se decolora.<br \/>\n&#8211; Color: Esta manta tiene m\u00faltiples colores opcionales para satisfacer sus requisitos personalizados. Es f\u00e1cil para usted encontrar la manta adecuada para combinar con sus decoraciones.<br \/>\n&#8211; Servicio Posventa de Calidad: Estamos convencidos de que le gustar\u00e1 nuestra manta, esperamos sinceramente a\u00f1adir cierta calidez para su vida. Adem\u00e1s, si no est\u00e1 satisfecho, ofrecemos el mejor servicio posventa para usted.<\/p>\n","protected":false},"excerpt":{"rendered":"<p><b>SOCHOW Manta Reversible de Sherpa y Franela, Mantas para Cama de Microfibra Ultra Suave, 220 x 240 cm, Naranja<\/b><\/p>\n","protected":false},"featured_media":33,"comment_status":"open","ping_status":"closed","template":"","meta":[],"product_cat":[15],"product_tag":[],"class_list":{"0":"post-35","1":"product","2":"type-product","3":"status-publish","4":"has-post-thumbnail","6":"product_cat-sin-categorizar","8":"first","9":"instock","10":"shipping-taxable","11":"product-type-external"},"_links":{"self":[{"href":"https:\/\/guerradeofertas.com.es\/index.php\/wp-json\/wp\/v2\/product\/35","targetHints":{"allow":["GET"]}}],"collection":[{"href":"https:\/\/guerradeofertas.com.es\/index.php\/wp-json\/wp\/v2\/product"}],"about":[{"href":"https:\/\/guerradeofertas.com.es\/index.php\/wp-json\/wp\/v2\/types\/product"}],"replies":[{"embeddable":true,"href":"https:\/\/guerradeofertas.com.es\/index.php\/wp-json\/wp\/v2\/comments?post=35"}],"wp:featuredmedia":[{"embeddable":true,"href":"https:\/\/guerradeofertas.com.es\/index.php\/wp-json\/wp\/v2\/media\/33"}],"wp:attachment":[{"href":"https:\/\/guerradeofertas.com.es\/index.php\/wp-json\/wp\/v2\/media?parent=35"}],"wp:term":[{"taxonomy":"product_cat","embeddable":true,"href":"https:\/\/guerradeofertas.com.es\/index.php\/wp-json\/wp\/v2\/product_cat?post=35"},{"taxonomy":"product_tag","embeddable":true,"href":"https:\/\/guerradeofertas.com.es\/index.php\/wp-json\/wp\/v2\/product_tag?post=35"}],"curies":[{"name":"wp","href":"https:\/\/api.w.org\/{rel}","templated":true}]}}